{"id":2881,"date":"2021-05-14T17:49:06","date_gmt":"2021-05-14T15:49:06","guid":{"rendered":"http:\/\/trasas.uni-jena.de\/trasas\/"},"modified":"2025-08-27T11:34:26","modified_gmt":"2025-08-27T09:34:26","slug":"quienes-somos","status":"publish","type":"page","link":"https:\/\/trasas.uni-jena.de\/es\/quienes-somos\/","title":{"rendered":"Qui\u00e9nes somos"},"content":{"rendered":"<div class=\"fusion-fullwidth fullwidth-box fusion-builder-row-1 fusion-flex-container has-pattern-background has-mask-background nonhundred-percent-fullwidth non-hundred-percent-height-scrolling\" style=\"--awb-background-position:left top;--awb-border-radius-top-left:0px;--awb-border-radius-top-right:0px;--awb-border-radius-bottom-right:0px;--awb-border-radius-bottom-left:0px;--awb-background-color:var(--awb-color1);--awb-flex-wrap:wrap;\" ><div class=\"fusion-builder-row fusion-row fusion-flex-align-items-flex-start fusion-flex-content-wrap\" style=\"max-width:1331.2px;margin-left: calc(-4% \/ 2 );margin-right: calc(-4% \/ 2 );\"><div class=\"fusion-layout-column fusion_builder_column fusion-builder-column-0 fusion_builder_column_1_6 1_6 fusion-flex-column fusion-no-small-visibility\" style=\"--awb-bg-blend:overlay;--awb-bg-size:cover;--awb-width-large:16.666666666667%;--awb-margin-top-large:10px;--awb-spacing-right-large:11.52%;--awb-margin-bottom-large:10px;--awb-spacing-left-large:11.52%;--awb-width-medium:100%;--awb-spacing-right-medium:1.92%;--awb-spacing-left-medium:1.92%;--awb-width-small:100%;--awb-spacing-right-small:1.92%;--awb-spacing-left-small:1.92%;\"><div class=\"fusion-column-wrapper fusion-flex-justify-content-flex-start fusion-content-layout-column\"><\/div><\/div><div class=\"fusion-layout-column fusion_builder_column fusion-builder-column-1 fusion_builder_column_2_3 2_3 fusion-flex-column\" style=\"--awb-bg-blend:overlay;--awb-bg-size:cover;--awb-width-large:66.666666666667%;--awb-margin-top-large:10px;--awb-spacing-right-large:2.88%;--awb-margin-bottom-large:10px;--awb-spacing-left-large:2.88%;--awb-width-medium:100%;--awb-spacing-right-medium:1.92%;--awb-spacing-left-medium:1.92%;--awb-width-small:100%;--awb-spacing-right-small:1.92%;--awb-spacing-left-small:1.92%;\"><div class=\"fusion-column-wrapper fusion-flex-justify-content-flex-start fusion-content-layout-column\"><div class=\"fusion-title title fusion-title-1 fusion-sep-none fusion-title-center fusion-title-text fusion-title-size-one\"><h1 class=\"fusion-title-heading title-heading-center fusion-responsive-typography-calculated\" style=\"text-transform:none;--fontSize:32;line-height:var(--awb-typography1-line-height);\">Red alemana-argentina para la transformaci\u00f3n socio-ambiental en una perspectiva glocal<\/h1><\/div><div class=\"fusion-title title fusion-title-2 fusion-sep-none fusion-title-center fusion-title-text fusion-title-size-two\"><h2 class=\"fusion-title-heading title-heading-center fusion-responsive-typography-calculated\" style=\"text-transform:none;--fontSize:22;--minFontSize:22;line-height:var(--awb-typography1-line-height);\">Cadenas de suministro sustentables en tiempos de descarbonizaci\u00f3n<\/h2><\/div><div class=\"fusion-separator\" style=\"align-self: center;margin-left: auto;margin-right: auto;margin-top:15px;margin-bottom:35px;width:100%;max-width:170px;\"><div class=\"fusion-separator-border sep-single sep-solid\" style=\"--awb-height:20px;--awb-amount:20px;--awb-sep-color:var(--awb-color4);border-color:var(--awb-color4);border-top-width:1px;\"><\/div><\/div><\/div><\/div><div class=\"fusion-layout-column fusion_builder_column fusion-builder-column-2 fusion_builder_column_1_6 1_6 fusion-flex-column fusion-no-small-visibility\" style=\"--awb-bg-blend:overlay;--awb-bg-size:cover;--awb-width-large:16.666666666667%;--awb-margin-top-large:10px;--awb-spacing-right-large:11.52%;--awb-margin-bottom-large:10px;--awb-spacing-left-large:11.52%;--awb-width-medium:100%;--awb-spacing-right-medium:1.92%;--awb-spacing-left-medium:1.92%;--awb-width-small:100%;--awb-spacing-right-small:1.92%;--awb-spacing-left-small:1.92%;\"><div class=\"fusion-column-wrapper fusion-flex-justify-content-flex-start fusion-content-layout-column\"><\/div><\/div><div class=\"fusion-layout-column fusion_builder_column fusion-builder-column-3 fusion_builder_column_1_2 1_2 fusion-flex-column\" style=\"--awb-bg-size:cover;--awb-width-large:50%;--awb-margin-top-large:10px;--awb-spacing-right-large:3.84%;--awb-margin-bottom-large:10px;--awb-spacing-left-large:3.84%;--awb-width-medium:100%;--awb-order-medium:0;--awb-spacing-right-medium:1.92%;--awb-spacing-left-medium:1.92%;--awb-width-small:100%;--awb-order-small:0;--awb-spacing-right-small:1.92%;--awb-spacing-left-small:1.92%;\"><div class=\"fusion-column-wrapper fusion-column-has-shadow fusion-flex-justify-content-flex-start fusion-content-layout-column\"><div class=\"fusion-text fusion-text-1\"><p style=\"text-align: left;\">Ante la crisis clim\u00e1tica mundial, la humanidad se enfrenta al reto de una transformaci\u00f3n socioambiental. No s\u00f3lo se trata de eliminar progresivamente los combustibles f\u00f3siles, sino de reorganizar por completo los procesos econ\u00f3micos, los suministros energ\u00e9ticos y las infraestructuras. Dos materias primas poco conocidas hasta hace poco, el litio y el hidr\u00f3geno, pueden desempe\u00f1ar un papel clave en este sentido. Sin embargo.<\/p>\n<\/div><\/div><\/div><div class=\"fusion-layout-column fusion_builder_column fusion-builder-column-4 fusion_builder_column_1_2 1_2 fusion-flex-column\" style=\"--awb-bg-size:cover;--awb-width-large:50%;--awb-margin-top-large:10px;--awb-spacing-right-large:3.84%;--awb-margin-bottom-large:10px;--awb-spacing-left-large:3.84%;--awb-width-medium:100%;--awb-order-medium:0;--awb-spacing-right-medium:1.92%;--awb-spacing-left-medium:1.92%;--awb-width-small:100%;--awb-order-small:0;--awb-spacing-right-small:1.92%;--awb-spacing-left-small:1.92%;\"><div class=\"fusion-column-wrapper fusion-column-has-shadow fusion-flex-justify-content-flex-start fusion-content-layout-column\"><ul style=\"--awb-item-padding-top:0px;--awb-line-height:25.5px;--awb-icon-width:25.5px;--awb-icon-height:25.5px;--awb-icon-margin:10.5px;--awb-content-margin:36px;\" class=\"fusion-checklist fusion-checklist-1 type-icons\"><li class=\"fusion-li-item\" style=\"\"><span class=\"icon-wrapper circle-no\"><i class=\"fusion-li-icon fa-angle-right fas\" aria-hidden=\"true\"><\/i><\/span><div class=\"fusion-li-item-content\">\n<p>\u00bfDe d\u00f3nde proceder\u00e1n estas materias primas y c\u00f3mo se extraer\u00e1n?<\/p>\n<\/div><\/li><li class=\"fusion-li-item\" style=\"\"><span class=\"icon-wrapper circle-no\"><i class=\"fusion-li-icon fa-angle-right fas\" aria-hidden=\"true\"><\/i><\/span><div class=\"fusion-li-item-content\">\n<p>\u00bfC\u00f3mo se pueden organizar las condiciones locales y globales para que la poblaci\u00f3n de los lugares de extracci\u00f3n y producci\u00f3n no sufra las consecuencias de los procesos?<\/p>\n<\/div><\/li><li class=\"fusion-li-item\" style=\"\"><span class=\"icon-wrapper circle-no\"><i class=\"fusion-li-icon fa-angle-right fas\" aria-hidden=\"true\"><\/i><\/span><div class=\"fusion-li-item-content\">\n<p>\u00bfC\u00f3mo evitar ante un orden econ\u00f3mico mundial asim\u00e9trico la repetici\u00f3n de modelos extractivistas, es decir, basados en la explotaci\u00f3n de las materias primas?<\/p>\n<\/div><\/li><li class=\"fusion-li-item\" style=\"\"><span class=\"icon-wrapper circle-no\"><i class=\"fusion-li-icon fa-angle-right fas\" aria-hidden=\"true\"><\/i><\/span><div class=\"fusion-li-item-content\">\n<p>\u00bfC\u00f3mo pueden iniciarse en su lugar procesos de industrializaci\u00f3n verde, creaci\u00f3n de valor sustentable y transformaci\u00f3n socioambiental?<\/p>\n<\/div><\/li><\/ul><\/div><\/div><div class=\"fusion-layout-column fusion_builder_column fusion-builder-column-5 fusion_builder_column_1_1 1_1 fusion-flex-column\" style=\"--awb-bg-size:cover;--awb-width-large:100%;--awb-margin-top-large:10px;--awb-spacing-right-large:1.92%;--awb-margin-bottom-large:10px;--awb-spacing-left-large:1.92%;--awb-width-medium:100%;--awb-order-medium:0;--awb-spacing-right-medium:1.92%;--awb-spacing-left-medium:1.92%;--awb-width-small:100%;--awb-order-small:0;--awb-spacing-right-small:1.92%;--awb-spacing-left-small:1.92%;\"><div class=\"fusion-column-wrapper fusion-column-has-shadow fusion-flex-justify-content-flex-start fusion-content-layout-column\"><div class=\"fusion-separator fusion-has-icon\" style=\"align-self: center;margin-left: auto;margin-right: auto;margin-top:0.5vw;margin-bottom:2vw;width:100%;max-width:66%;\"><div class=\"fusion-separator-border sep-single sep-solid\" style=\"--awb-height:20px;--awb-amount:20px;--awb-sep-color:var(--awb-color4);border-color:var(--awb-color4);border-top-width:1px;\"><\/div><span class=\"icon-wrapper\" style=\"border-color:transparent;font-size:15px;width: 1.75em; height: 1.75em;border-width:1px;padding:1px;margin-top:-0.5px\"><i class=\"fa-leaf fas\" style=\"font-size: inherit;color:var(--awb-color4);\" aria-hidden=\"true\"><\/i><\/span><div class=\"fusion-separator-border sep-single sep-solid\" style=\"--awb-height:20px;--awb-amount:20px;--awb-sep-color:var(--awb-color4);border-color:var(--awb-color4);border-top-width:1px;\"><\/div><\/div><\/div><\/div><div class=\"fusion-layout-column fusion_builder_column fusion-builder-column-6 fusion_builder_column_1_2 1_2 fusion-flex-column\" style=\"--awb-bg-size:cover;--awb-width-large:50%;--awb-margin-top-large:10px;--awb-spacing-right-large:3.84%;--awb-margin-bottom-large:10px;--awb-spacing-left-large:3.84%;--awb-width-medium:100%;--awb-order-medium:0;--awb-spacing-right-medium:1.92%;--awb-spacing-left-medium:1.92%;--awb-width-small:100%;--awb-order-small:0;--awb-spacing-right-small:1.92%;--awb-spacing-left-small:1.92%;\"><div class=\"fusion-column-wrapper fusion-column-has-shadow fusion-flex-justify-content-flex-start fusion-content-layout-column\"><div class=\"fusion-text fusion-text-2\"><p>El objetivo del proyecto es establecer una red binacional de investigaci\u00f3n centrada en el dise\u00f1o de cadenas de suministro sustentables en tiempos de transformaci\u00f3n socioambiental utilizando el ejemplo del hidr\u00f3geno y el litio. Por un lado, la red pretende poner en com\u00fan los contactos y colaboraciones existentes en materia de investigaci\u00f3n y, por otro, operar en estrecho di\u00e1logo con la sociedad civil y las partes interesadas del mundo empresarial y pol\u00edtico. La meta es poner en com\u00fan los conocimientos cient\u00edficos del Norte y del Sur del mundo y ampliarlos continuamente mediante actividades conjuntas (visitas de investigaci\u00f3n, actos, publicaciones, etc.).<\/p>\n<p>La red fue fundada por investigadores de la Universidad Friedrich Schiller de Jena y del Centro de Estudios Urbanos y Regionales CEUR-CONICET en colaboraci\u00f3n con el Instituto de Estudios Hist\u00f3ricos, Econ\u00f3micos, Sociales e Internacionales -IDEHESI- de la Universidad de Buenos Aires y el Centro de Estudios de Desarrollo Econ\u00f3mico -CEED- de la Universidad de San Mart\u00edn junto con actores de la sociedad civil.<\/p>\n<p>En el transcurso del proceso de investigaci\u00f3n y actividades conjuntas, la red pretende seguir creciendo. <\/p>\n<p>\u00a1Los interesados son bienvenidos! <\/p>\n<\/div><\/div><\/div><div class=\"fusion-layout-column fusion_builder_column fusion-builder-column-7 fusion_builder_column_1_2 1_2 fusion-flex-column\" style=\"--awb-bg-size:cover;--awb-width-large:50%;--awb-margin-top-large:10px;--awb-spacing-right-large:3.84%;--awb-margin-bottom-large:10px;--awb-spacing-left-large:3.84%;--awb-width-medium:100%;--awb-order-medium:0;--awb-spacing-right-medium:1.92%;--awb-spacing-left-medium:1.92%;--awb-width-small:100%;--awb-order-small:0;--awb-spacing-right-small:1.92%;--awb-spacing-left-small:1.92%;\"><div class=\"fusion-column-wrapper fusion-column-has-shadow fusion-flex-justify-content-flex-start fusion-content-layout-column\"><div class=\"fusion-text fusion-text-3\"><p>La red es financiada por el BMFTR (Ministerio de Investigaci\u00f3n, Tecnolog\u00eda y Astron\u00e1utica) en el marco de la l\u00ednea de fomento para el financiamiento de estructuras institucionales sustentables para la investigaci\u00f3n e innovaci\u00f3n en Am\u00e9rica Latina.<\/p>\n<\/div><div class=\"fusion-image-element \" style=\"--awb-margin-bottom:1vw;--awb-caption-title-font-family:var(--h2_typography-font-family);--awb-caption-title-font-weight:var(--h2_typography-font-weight);--awb-caption-title-font-style:var(--h2_typography-font-style);--awb-caption-title-size:var(--h2_typography-font-size);--awb-caption-title-transform:var(--h2_typography-text-transform);--awb-caption-title-line-height:var(--h2_typography-line-height);--awb-caption-title-letter-spacing:var(--h2_typography-letter-spacing);\"><span class=\" fusion-imageframe imageframe-none imageframe-1 hover-type-none\"><a href=\"https:\/\/trasas.uni-jena.de\/wp-content\/uploads\/Infografik-Red-TraSAs-espanol_CET.png\" class=\"fusion-lightbox\" data-rel=\"iLightbox[fb2e39a8ad2551e1f37]\" data-title=\"Infografik Red TraSAs espanol_CET\" title=\"Infografik Red TraSAs espanol_CET\"><img decoding=\"async\" width=\"756\" height=\"714\" src=\"https:\/\/trasas.uni-jena.de\/wp-content\/uploads\/Infografik-Red-TraSAs-espanol_CET.png\" data-orig-src=\"https:\/\/trasas.uni-jena.de\/wp-content\/uploads\/Infografik-Red-TraSAs-espanol_CET.png\" alt class=\"lazyload img-responsive wp-image-3581\" srcset=\"data:image\/svg+xml,%3Csvg%20xmlns%3D%27http%3A%2F%2Fwww.w3.org%2F2000%2Fsvg%27%20width%3D%27756%27%20height%3D%27714%27%20viewBox%3D%270%200%20756%20714%27%3E%3Crect%20width%3D%27756%27%20height%3D%27714%27%20fill-opacity%3D%220%22%2F%3E%3C%2Fsvg%3E\" data-srcset=\"https:\/\/trasas.uni-jena.de\/wp-content\/uploads\/Infografik-Red-TraSAs-espanol_CET-200x189.png 200w, https:\/\/trasas.uni-jena.de\/wp-content\/uploads\/Infografik-Red-TraSAs-espanol_CET-400x378.png 400w, https:\/\/trasas.uni-jena.de\/wp-content\/uploads\/Infografik-Red-TraSAs-espanol_CET-600x567.png 600w, https:\/\/trasas.uni-jena.de\/wp-content\/uploads\/Infografik-Red-TraSAs-espanol_CET.png 756w\" data-sizes=\"auto\" data-orig-sizes=\"(max-width: 1024px) 100vw, (max-width: 640px) 100vw, 756px\" \/><\/a><\/span><\/div><div class=\"fusion-text fusion-text-4\"><p>La investigaci\u00f3n conjunta en el marco de TraSAs sigue tres l\u00edneas de investigaci\u00f3n y una l\u00ednea transversal, en las que investigadores e investigadoras de Alemania y Argentina trabajan juntos en pie de igualdad.<\/p>\n<\/div><\/div><\/div><\/div><\/div>\n","protected":false},"excerpt":{"rendered":"","protected":false},"author":1,"featured_media":0,"parent":0,"menu_order":0,"comment_status":"closed","ping_status":"closed","template":"","meta":{"footnotes":""},"class_list":["post-2881","page","type-page","status-publish","hentry"],"yoast_head":"<!-- This site is optimized with the Yoast SEO plugin v27.0 - https:\/\/yoast.com\/product\/yoast-seo-wordpress\/ -->\n<title>Qui\u00e9nes somos - TraSAs - Deutsch-Argentinisches Netzwerk<\/title>\n<meta name=\"robots\" content=\"index, follow, max-snippet:-1, max-image-preview:large, max-video-preview:-1\" \/>\n<link rel=\"canonical\" href=\"https:\/\/trasas.uni-jena.de\/es\/quienes-somos\/\" \/>\n<script type=\"application\/ld+json\" class=\"yoast-schema-graph\">{\"@context\":\"https:\/\/schema.org\",\"@graph\":[{\"@type\":\"WebPage\",\"@id\":\"https:\/\/trasas.uni-jena.de\/es\/quienes-somos\/\",\"url\":\"https:\/\/trasas.uni-jena.de\/es\/quienes-somos\/\",\"name\":\"Qui\u00e9nes somos - TraSAs - Deutsch-Argentinisches Netzwerk\",\"isPartOf\":{\"@id\":\"https:\/\/trasas.uni-jena.de\/#website\"},\"datePublished\":\"2021-05-14T15:49:06+00:00\",\"dateModified\":\"2025-08-27T09:34:26+00:00\",\"breadcrumb\":{\"@id\":\"https:\/\/trasas.uni-jena.de\/es\/quienes-somos\/#breadcrumb\"},\"inLanguage\":\"es\",\"potentialAction\":[{\"@type\":\"ReadAction\",\"target\":[\"https:\/\/trasas.uni-jena.de\/es\/quienes-somos\/\"]}]},{\"@type\":\"BreadcrumbList\",\"@id\":\"https:\/\/trasas.uni-jena.de\/es\/quienes-somos\/#breadcrumb\",\"itemListElement\":[{\"@type\":\"ListItem\",\"position\":1,\"name\":\"Startseite\",\"item\":\"https:\/\/trasas.uni-jena.de\/es\/trasas\/\"},{\"@type\":\"ListItem\",\"position\":2,\"name\":\"Qui\u00e9nes somos\"}]},{\"@type\":\"WebSite\",\"@id\":\"https:\/\/trasas.uni-jena.de\/#website\",\"url\":\"https:\/\/trasas.uni-jena.de\/\",\"name\":\"TraSAs\",\"description\":\"Deutsch-argentinisches Netzwerk sozial-o\u0308kologische Transformation in glokaler Perspektive\",\"alternateName\":\"Deutsch-argentinisches Netzwerk sozial-\u00f6kologische Transformation in glokaler Perspektive\",\"potentialAction\":[{\"@type\":\"SearchAction\",\"target\":{\"@type\":\"EntryPoint\",\"urlTemplate\":\"https:\/\/trasas.uni-jena.de\/?s={search_term_string}\"},\"query-input\":{\"@type\":\"PropertyValueSpecification\",\"valueRequired\":true,\"valueName\":\"search_term_string\"}}],\"inLanguage\":\"es\"}]}<\/script>\n<!-- \/ Yoast SEO plugin. -->","yoast_head_json":{"title":"Qui\u00e9nes somos - TraSAs - Deutsch-Argentinisches Netzwerk","robots":{"index":"index","follow":"follow","max-snippet":"max-snippet:-1","max-image-preview":"max-image-preview:large","max-video-preview":"max-video-preview:-1"},"canonical":"https:\/\/trasas.uni-jena.de\/es\/quienes-somos\/","schema":{"@context":"https:\/\/schema.org","@graph":[{"@type":"WebPage","@id":"https:\/\/trasas.uni-jena.de\/es\/quienes-somos\/","url":"https:\/\/trasas.uni-jena.de\/es\/quienes-somos\/","name":"Qui\u00e9nes somos - TraSAs - Deutsch-Argentinisches Netzwerk","isPartOf":{"@id":"https:\/\/trasas.uni-jena.de\/#website"},"datePublished":"2021-05-14T15:49:06+00:00","dateModified":"2025-08-27T09:34:26+00:00","breadcrumb":{"@id":"https:\/\/trasas.uni-jena.de\/es\/quienes-somos\/#breadcrumb"},"inLanguage":"es","potentialAction":[{"@type":"ReadAction","target":["https:\/\/trasas.uni-jena.de\/es\/quienes-somos\/"]}]},{"@type":"BreadcrumbList","@id":"https:\/\/trasas.uni-jena.de\/es\/quienes-somos\/#breadcrumb","itemListElement":[{"@type":"ListItem","position":1,"name":"Startseite","item":"https:\/\/trasas.uni-jena.de\/es\/trasas\/"},{"@type":"ListItem","position":2,"name":"Qui\u00e9nes somos"}]},{"@type":"WebSite","@id":"https:\/\/trasas.uni-jena.de\/#website","url":"https:\/\/trasas.uni-jena.de\/","name":"TraSAs","description":"Deutsch-argentinisches Netzwerk sozial-o\u0308kologische Transformation in glokaler Perspektive","alternateName":"Deutsch-argentinisches Netzwerk sozial-\u00f6kologische Transformation in glokaler Perspektive","potentialAction":[{"@type":"SearchAction","target":{"@type":"EntryPoint","urlTemplate":"https:\/\/trasas.uni-jena.de\/?s={search_term_string}"},"query-input":{"@type":"PropertyValueSpecification","valueRequired":true,"valueName":"search_term_string"}}],"inLanguage":"es"}]}},"_links":{"self":[{"href":"https:\/\/trasas.uni-jena.de\/es\/wp-json\/wp\/v2\/pages\/2881","targetHints":{"allow":["GET"]}}],"collection":[{"href":"https:\/\/trasas.uni-jena.de\/es\/wp-json\/wp\/v2\/pages"}],"about":[{"href":"https:\/\/trasas.uni-jena.de\/es\/wp-json\/wp\/v2\/types\/page"}],"author":[{"embeddable":true,"href":"https:\/\/trasas.uni-jena.de\/es\/wp-json\/wp\/v2\/users\/1"}],"replies":[{"embeddable":true,"href":"https:\/\/trasas.uni-jena.de\/es\/wp-json\/wp\/v2\/comments?post=2881"}],"version-history":[{"count":10,"href":"https:\/\/trasas.uni-jena.de\/es\/wp-json\/wp\/v2\/pages\/2881\/revisions"}],"predecessor-version":[{"id":3589,"href":"https:\/\/trasas.uni-jena.de\/es\/wp-json\/wp\/v2\/pages\/2881\/revisions\/3589"}],"wp:attachment":[{"href":"https:\/\/trasas.uni-jena.de\/es\/wp-json\/wp\/v2\/media?parent=2881"}],"curies":[{"name":"wp","href":"https:\/\/api.w.org\/{rel}","templated":true}]}}